{"id":518,"date":"2020-05-30T18:15:03","date_gmt":"2020-05-30T16:15:03","guid":{"rendered":"https:\/\/achala.eu\/?post_type=product&#038;p=518"},"modified":"2026-04-01T15:29:54","modified_gmt":"2026-04-01T13:29:54","slug":"00017achala-anti-mueckenoel-50-ml","status":"publish","type":"product","link":"https:\/\/www.achala.eu\/de\/shop\/00017achala-anti-mueckenoel-50-ml\/","title":{"rendered":"ACHALA ANTI M\u00dcCKEN\u00d6L 50ml"},"content":{"rendered":"<p><strong>Unser Unternehmen ACHALA hat sich \u201eKosmetik f\u00fcr die Zukunft\u201c auf die Fahnen geschrieben.<\/strong><\/p>\n<p>Unser K\u00f6rper erkennt nat\u00fcrliche Substanzen. Unsere Haut sp\u00fcrt sofort, ob etwas industriell hergestellt oder wirklich handgefertigt ist und ob die Pflanzen mit Liebe und Respekt vor der Natur geerntet wurden. Deshalb arbeiten wir ausschlie\u00dflich mit reinen Essenzen aus unber\u00fchrter Natur.<\/p>\n<p><strong>Unsere Rohstoffe sind:<\/strong><\/p>\n<ul>\n<li>Wildkr\u00e4uter aus dem Vermio-Gebirge, werden von uns achtsam von Hand gepfl\u00fcckt. Wilde Pflanzen besitzen eine hochwertige Heilkraft, da sie sich ihren Standort selber aussuchen und ohne menschliche Einfl\u00fcsse gedeihen.<\/li>\n<li>Oliven\u00f6l, kaltgepresst, biologisch &amp; einheimisch von Panajota, bei der ich in der Olivenernte gearbeitet habe. Oliven\u00f6l erf\u00fcllt alle Anspr\u00fcche an Allergiefreiheit und hilft Hautirritationen und die Aufnahme von Chemie zu vermeiden.<\/li>\n<li>Bienenwachs reinster Qualit\u00e4t vom hiesigen Imker Dimos.<\/li>\n<li>Trauben Destillat vom Bio-Weinbauer Kostis aus Naoussa, der besten Rotweingegend Griechenlands.<\/li>\n<li>\u00c4therische \u00d6le biologisch, mehrheitlich einheimisch, die ich sehr SPARSAM verwende, da mir bewusst ist wie viele Pflanzenteile es davon braucht f\u00fcr 1 Tropfen.<\/li>\n<li>Shea Butter kalt ger\u00fchrt und Lanolin ohne Pestizide f\u00fcr die Tagescreme von Michael aus Deutschland<\/li>\n<\/ul>\n<p><strong>\u00a0<\/strong><\/p>\n<p><strong>ACHALA Kr\u00e4uterkosmetik, Kr\u00e4uter\u00f6le &amp; Salben <\/strong>Wir ernten nur bestimmte Teile der Pflanzen \u2013 <strong>nachhaltiges<\/strong> Pfl\u00fccken. Das sorgf\u00e4ltige MAZERIEREN (Kr\u00e4uter-Oliven\u00f6lauszug) direkt vor Ort, sowie auch die sanfte Weiterverarbeitung von Hand und der biologischen Inhaltstoffe zeichnen die ACHALA Produkte aus. Sie sind bestens geeignet f\u00fcr Babys, Kleinkinder, Allergiker und Veganer, speziell durch den bewussten Verzicht von jeglichen Schadstoffen. Die D\u00f6schen und Fl\u00e4schchen sind aus <strong>recycelbarem<\/strong> Glas hergestellt.<\/p>\n<p><strong>Qualit\u00e4tssicherung durch folgende Zertifizierungen<\/strong><\/p>\n<ul>\n<li>Herstellung: EO\u03a6: National Organization of Medicine No. 60733<\/li>\n<li>Herstellung: GMP-Kosmetik (Gute Herstellungspraxis).<\/li>\n<li>Produkte: CPNP (Cosmetic Products Notification Portal).<\/li>\n<li>Wildkr\u00e4uter: Genehmigung des Forstamtes von Naoussa<\/li>\n<li>BIO: DEMETER-Zertifizierung wird angestrebt.<\/li>\n<\/ul>\n<p>In Zusammenarbeit mit erfahrenen Natur\u00e4rzt;innen  aus der Schweiz und einer griechischen Chemikerin als Sicherheitsberaterin.<\/p>","protected":false},"excerpt":{"rendered":"<div class=\"page\" title=\"Seite 23\">\n<div class=\"layoutArea\">\n<div class=\"column\"><\/div>\n<\/div>\n<\/div>\n<p><strong>ACHALA ANTI-MOSQUITO OIL<\/strong><\/p>\n<p>Natural lavender, tea tree and citronella oils provide reliable protection against mosquitoes and insects.<\/p>\n<p>Woodruff (Asperula odorata) gives this herbal oil a pleasant scent.<\/p>\n<p>Apply to the skin 1\u20133 times a day.<\/p>\n<p><em>CAUTION: Not suitable for children under 2 years of age!<\/em><\/p>\n<p>&nbsp;<\/p>\n<p>Eine echte Handwerkskunst mit nat\u00fcrlichen, hochwertigen Zutaten!<\/p>\n<p><strong>Oliven\u00f6l<\/strong> bringt nicht nur pflegende Fetts\u00e4uren, sondern auch nat\u00fcrliche Antioxidantien mit, die die Haut sch\u00fctzen und n\u00e4hren.<\/p>\n<p><strong>Frischpflanzen-Extrakte<\/strong> Extrakte liefern wertvolle sekund\u00e4re Pflanzenstoffe, Vitamine und Enzyme, die die Haut vitalisieren und unterst\u00fctzen.<\/p>\n<p><strong>Bienenwachs<\/strong> sorgt f\u00fcr die n\u00f6tige Stabilit\u00e4t und bildet einen sch\u00fctzenden Film, der Feuchtigkeit bewahrt.<\/p>\n<p>Und <strong>kalte R\u00fchren von Hand<\/strong> bewahrt die empfindlichen Inhaltsstoffe, die bei Hitze verloren gehen k\u00f6nnten, und hilft dabei, die Wassertr\u00f6pfchen fein in der \u00d6lphase zu verteilen.<\/p>\n<p>So wird eine wirksame, nachhaltige Pflege hergestellt mit einfachen, nat\u00fcrlichen Mitteln und in achtsamer Verarbeitung. Wie ein kleines \u00d6kosystem in dem Cremetiegel, das Haut und Umwelt gleicherma\u00dfen respektiert.<\/p>\n<p>&nbsp;<\/p>\n<p>&nbsp;<\/p>\n<p><em><span dir=\"auto\" style=\"vertical-align: inherit;\"><span dir=\"auto\" style=\"vertical-align: inherit;\">CPNP 3089800<\/span><\/span><\/em><\/p>\n<p><span dir=\"auto\" style=\"vertical-align: inherit;\"><span dir=\"auto\" style=\"vertical-align: inherit;\">INCI: Olea europ\u03b1ea-fruitoil (Oliven\u00f6l), Lavandula augustifolia-Extrakt (Lavendel-Macerat), Asperula odorato-Extrakt (Waldmeister-Macerat), Citronellol, Geraniol, Eugenol, Limonen, Linalool<\/span><\/span><\/p>","protected":false},"featured_media":1109,"comment_status":"open","ping_status":"closed","template":"","meta":[],"product_brand":[],"product_cat":[66,15],"product_tag":[],"class_list":{"0":"post-518","1":"product","2":"type-product","3":"status-publish","4":"has-post-thumbnail","6":"product_cat-body","7":"product_cat-wild-herbs-oils-2","8":"product_shipping_class-postversand","10":"first","11":"instock","12":"taxable","13":"shipping-taxable","14":"purchasable","15":"product-type-simple"},"jetpack_sharing_enabled":true,"_links":{"self":[{"href":"https:\/\/www.achala.eu\/de\/wp-json\/wp\/v2\/product\/518","targetHints":{"allow":["GET"]}}],"collection":[{"href":"https:\/\/www.achala.eu\/de\/wp-json\/wp\/v2\/product"}],"about":[{"href":"https:\/\/www.achala.eu\/de\/wp-json\/wp\/v2\/types\/product"}],"replies":[{"embeddable":true,"href":"https:\/\/www.achala.eu\/de\/wp-json\/wp\/v2\/comments?post=518"}],"wp:featuredmedia":[{"embeddable":true,"href":"https:\/\/www.achala.eu\/de\/wp-json\/wp\/v2\/media\/1109"}],"wp:attachment":[{"href":"https:\/\/www.achala.eu\/de\/wp-json\/wp\/v2\/media?parent=518"}],"wp:term":[{"taxonomy":"product_brand","embeddable":true,"href":"https:\/\/www.achala.eu\/de\/wp-json\/wp\/v2\/product_brand?post=518"},{"taxonomy":"product_cat","embeddable":true,"href":"https:\/\/www.achala.eu\/de\/wp-json\/wp\/v2\/product_cat?post=518"},{"taxonomy":"product_tag","embeddable":true,"href":"https:\/\/www.achala.eu\/de\/wp-json\/wp\/v2\/product_tag?post=518"}],"curies":[{"name":"wp","href":"https:\/\/api.w.org\/{rel}","templated":true}]}}