{"id":254,"date":"2020-04-13T10:37:56","date_gmt":"2020-04-13T08:37:56","guid":{"rendered":"https:\/\/achala.eu\/?post_type=product&#038;p=254"},"modified":"2026-04-01T19:55:49","modified_gmt":"2026-04-01T17:55:49","slug":"achala-kraeutersalbe-tee-trea-eichenrinde-10-ml-mit-pinsel","status":"publish","type":"product","link":"https:\/\/www.achala.eu\/de\/shop\/achala-kraeutersalbe-tee-trea-eichenrinde-10-ml-mit-pinsel\/","title":{"rendered":"ACHALA KR\u00c4UTERSALBE mit Tee Trea &amp; Eichenrinde F\u00dcSSE 20ml"},"content":{"rendered":"<p><strong>Unsere Firma ACHALA lebt f\u00fcr \u00abKosmetik f\u00fcr die Zukunft\u00bb<\/strong><\/p>\n<p>Unser K\u00f6rper kennt die nat\u00fcrlichen Substanzen. Unsere Haut weiss ganz genau ob etwas industriell oder wirklich von Hand hergestellt ist und wenn Pflanzen mit Liebe und Achtsamkeit gegen\u00fcber der Natur gepfl\u00fcckt werden. Deshalb arbeiten wir ausschlie\u00dflich mit PUREN ESSENZEN aus der unber\u00fchrten NATUR.<\/p>\n<p><strong>Unsere Rohstoffe sind:<\/strong><\/p>\n<ul>\n<li>Wildkr\u00e4uter aus dem Vermio-Gebirge, werden von uns achtsam von Hand gepfl\u00fcckt. Wilde Pflanzen besitzen eine hochwertige Heilkraft, da sie sich ihren Standort selber aussuchen und ohne menschliche Einfl\u00fcsse gedeihen.<\/li>\n<li>Oliven\u00f6l, kaltgepresst, biologisch &amp; einheimisch von Panajota, bei der ich in der Olivenernte gearbeitet habe. Oliven\u00f6l erf\u00fcllt alle Anspr\u00fcche an Allergiefreiheit und hilft Hautirritationen und die Aufnahme von Chemie zu vermeiden.<\/li>\n<li>Bienenwachs reinster Qualit\u00e4t vom hiesigen Imker Dimos.<\/li>\n<li>Trauben Destillat vom Bio-Weinbauer Kostis aus Naoussa, der besten Rotweingegend Griechenlands.<\/li>\n<li>\u00c4therische \u00d6le biologisch, mehrheitlich einheimisch, die ich sehr SPARSAM verwende, da mir bewusst ist wie viele Pflanzenteile es davon braucht f\u00fcr 1 Tropfen.<\/li>\n<li>Shea Butter kalt ger\u00fchrt und Lanolin ohne Pestizide f\u00fcr die Tagescreme von Michael aus Deutschland<\/li>\n<\/ul>\n<p><strong>\u00a0<\/strong><\/p>\n<p><strong>ACHALA Kr\u00e4uterkosmetik, Kr\u00e4uter\u00f6le &amp; Salben <\/strong>wir sammlen von jeder Pflanze nur einzelne Teile, genannt <strong>nachhaltiges<\/strong> Pfl\u00fccken. Das sorgf\u00e4ltige MAZERIEREN (Kr\u00e4uter-Oliven\u00f6lauszug) direkt vor Ort, sowie auch die sanfte Weiterverarbeitung von Hand und der biologischen Inhaltstoffe zeichnen die ACHALA Produkte aus. Sie sind bestens geeignet f\u00fcr Babys, Kleinkinder, Allergiker und Veganer, speziell durch den bewussten Verzicht von jeglichen Schadstoffen. Die D\u00f6schen und Fl\u00e4schchen sind aus <strong>recycelbarem<\/strong> Glas hergestellt.<\/p>\n<p><strong>Qualit\u00e4tssicherung durch folgende Zertifizierungen<\/strong><\/p>\n<ul>\n<li>Manufaktur:       EO\u03a6:  National Organisation of Medicine Nr. 60733<\/li>\n<li>Herstellung:      GMP Cosmetic (Good Manufacturing Practice)<\/li>\n<li>Produkte: CPNP (Benachrichtigungsportal f\u00fcr kosmetische Produkte).<\/li>\n<li>Wildkr\u00e4uter: Genehmigung des Forstamtes von Naoussa<\/li>\n<li>BIO: DEMETER-Zertifizierung wird angestrebt.<\/li>\n<\/ul>\n<p>In Zusammenarbeit mit erfahrenen Natur\u00e4rzt;innen und Gyn\u00e4kolog;innen aus der Schweiz und einer griechischen Chemikerin als Sicherheitsberaterin.<\/p>","protected":false},"excerpt":{"rendered":"<div class=\"page\" title=\"Page 35\">\n<div class=\"layoutArea\">\n<div class=\"column\">\n<p><strong>ACHALA KR\u00c4UTERSALBE mit Tee Trea &amp; Eichenrinde <\/strong><\/p>\n<p><strong>F\u00dcR DIE F\u00dcSSE<\/strong><\/p>\n<p>Eichenrinde (Quercus robur), Thymian (Tilia vulgaris) und \u00e4therisches Teebaum\u00f6l sind die Hauptkr\u00e4uter dieser Fusssalbe.<\/p>\n<p>Sie wirken entz\u00fcndungshemmend, desinfizierend und antimykiotisch bei Pilzinfektionen. Sie wird angewendet bei:<\/p>\n<p>Er wird genutzt f\u00fcr:<\/p>\n<p>\u2013 Schweissf\u00fcsse<br \/>\n\u2013 Fusspilz<\/p>\n<\/div>\n<\/div>\n<\/div>\n<p>&nbsp;<\/p>\n<p>&nbsp;<\/p>\n<p>Eine echte Handwerkskunst mit nat\u00fcrlichen, hochwertigen Zutaten!<\/p>\n<p><strong>Oliven\u00f6l<\/strong> bringt nicht nur pflegende Fetts\u00e4uren, sondern auch nat\u00fcrliche Antioxidantien mit, die die Haut sch\u00fctzen und n\u00e4hren.<\/p>\n<p><strong>Frischpflanzen-Extrakte<\/strong> Extrakte liefern wertvolle sekund\u00e4re Pflanzenstoffe, Vitamine und Enzyme, die die Haut vitalisieren und unterst\u00fctzen.<\/p>\n<p><strong>Bienenwachs<\/strong> sorgt f\u00fcr die n\u00f6tige Stabilit\u00e4t und bildet einen sch\u00fctzenden Film, der Feuchtigkeit bewahrt.<\/p>\n<p>Und <strong>kalte R\u00fchren von Hand<\/strong> bewahrt die empfindlichen Inhaltsstoffe, die bei Hitze verloren gehen k\u00f6nnten, und hilft dabei, die Wassertr\u00f6pfchen fein in der \u00d6lphase zu verteilen.<\/p>\n<p>So wird eine wirksame, nachhaltige Pflege hergestellt mit einfachen, nat\u00fcrlichen Mitteln und in achtsamer Verarbeitung. Wie ein kleines \u00d6kosystem in dem Cremetiegel, das Haut und Umwelt gleicherma\u00dfen respektiert.<\/p>\n<p>&nbsp;<\/p>\n<p>&nbsp;<\/p>\n<p>&nbsp;<\/p>\n<p><em>CPNP\u00a0 2783114<\/em><\/p>\n<p>INCI: Olea europea fruit oil (Oliven\u00f6l), Thymus vulgaris extract (Thymian-Mazerat), Quercus robur extract (Eichen-Mazerat), Salix alba extract (Weide-Mazerat), Cera alba (Bienenwachs), Vitis vinifera distillate (Traubendestillat, Salix alba extract (Weide-Urtinktur), Limonene, Linalool<\/p>","protected":false},"featured_media":1126,"comment_status":"open","ping_status":"closed","template":"","meta":[],"product_brand":[],"product_cat":[120,91],"product_tag":[],"class_list":{"0":"post-254","1":"product","2":"type-product","3":"status-publish","4":"has-post-thumbnail","6":"product_cat-body-wild-herbs-ointments","7":"product_cat-wild-herbs-ointments","8":"product_shipping_class-postversand","10":"first","11":"instock","12":"taxable","13":"shipping-taxable","14":"purchasable","15":"product-type-simple"},"jetpack_sharing_enabled":true,"_links":{"self":[{"href":"https:\/\/www.achala.eu\/de\/wp-json\/wp\/v2\/product\/254","targetHints":{"allow":["GET"]}}],"collection":[{"href":"https:\/\/www.achala.eu\/de\/wp-json\/wp\/v2\/product"}],"about":[{"href":"https:\/\/www.achala.eu\/de\/wp-json\/wp\/v2\/types\/product"}],"replies":[{"embeddable":true,"href":"https:\/\/www.achala.eu\/de\/wp-json\/wp\/v2\/comments?post=254"}],"wp:featuredmedia":[{"embeddable":true,"href":"https:\/\/www.achala.eu\/de\/wp-json\/wp\/v2\/media\/1126"}],"wp:attachment":[{"href":"https:\/\/www.achala.eu\/de\/wp-json\/wp\/v2\/media?parent=254"}],"wp:term":[{"taxonomy":"product_brand","embeddable":true,"href":"https:\/\/www.achala.eu\/de\/wp-json\/wp\/v2\/product_brand?post=254"},{"taxonomy":"product_cat","embeddable":true,"href":"https:\/\/www.achala.eu\/de\/wp-json\/wp\/v2\/product_cat?post=254"},{"taxonomy":"product_tag","embeddable":true,"href":"https:\/\/www.achala.eu\/de\/wp-json\/wp\/v2\/product_tag?post=254"}],"curies":[{"name":"wp","href":"https:\/\/api.w.org\/{rel}","templated":true}]}}