{"id":204,"date":"2020-04-07T11:34:59","date_gmt":"2020-04-07T09:34:59","guid":{"rendered":"https:\/\/achala.eu\/?post_type=product&#038;p=204"},"modified":"2026-03-15T21:47:37","modified_gmt":"2026-03-15T20:47:37","slug":"achala-haar-pflege-gel-50-ml","status":"publish","type":"product","link":"https:\/\/www.achala.eu\/de\/shop\/achala-haar-pflege-gel-50-ml\/","title":{"rendered":"ACHALA HAIR PFLEGE GEL n\u00e4hrend\/Juckreiz 50ml"},"content":{"rendered":"<p><strong>Unsere Firma ACHALA lebt f\u00fcr \u00abKosmetik f\u00fcr die Zukunft\u00bb<\/strong><\/p>\n<p>Unser K\u00f6rper kennt die nat\u00fcrlichen Substanzen. Unsere Haut weiss ganz genau ob etwas industriell oder wirklich von Hand hergestellt ist und wenn Pflanzen mit Liebe und Achtsamkeit gegen\u00fcber der Natur gepfl\u00fcckt werden. Deshalb arbeiten wir ausschlie\u00dflich mit PUREN ESSENZEN aus der unber\u00fchrten NATUR.<\/p>\n<p><strong>Unsere Rohstoffe sind:<\/strong><\/p>\n<ul>\n<li>Wildkr\u00e4uter aus dem Vermio-Gebirge, werden von uns achtsam von Hand gepfl\u00fcckt. Wilde Pflanzen besitzen eine hochwertige Heilkraft, da sie sich ihren Standort selber aussuchen und ohne menschliche Einfl\u00fcsse gedeihen.<\/li>\n<li>Oliven\u00f6l, kaltgepresst, biologisch &amp; einheimisch von Panajota, bei der ich in der Olivenernte gearbeitet habe. Oliven\u00f6l erf\u00fcllt alle Anspr\u00fcche an Allergiefreiheit und hilft Hautirritationen und die Aufnahme von Chemie zu vermeiden.<\/li>\n<li>Bienenwachs reinster Qualit\u00e4t vom hiesigen Imker Dimos.<\/li>\n<li>Trauben Destillat vom Bio-Weinbauer Kostis aus Naoussa, der besten Rotweingegend Griechenlands.<\/li>\n<li>\u00c4therische \u00d6le biologisch, mehrheitlich einheimisch, die ich sehr SPARSAM verwende, da mir bewusst ist wie viele Pflanzenteile es davon braucht f\u00fcr 1 Tropfen.<\/li>\n<li>Shea Butter kalt ger\u00fchrt und Lanolin ohne Pestizide f\u00fcr die Tagescreme von Michael aus Deutschland<\/li>\n<\/ul>\n<p><strong>\u00a0<\/strong><\/p>\n<p><strong>ACHALA Kr\u00e4uterkosmetik, Kr\u00e4uter\u00f6le &amp; Salben\u00a0 <\/strong>wir sammlen von jeder Pflanze nur einzelne Teile, genannt <strong>nachhaltiges<\/strong> Pfl\u00fccken. Das sorgf\u00e4ltige MAZERIEREN (Kr\u00e4uter-Oliven\u00f6lauszug) direkt vor Ort, sowie auch die sanfte Weiterverarbeitung von Hand und der biologischen Inhaltstoffe zeichnen die ACHALA Produkte aus. Sie sind bestens geeignet f\u00fcr Babys, Kleinkinder, Allergiker und Veganer, speziell durch den bewussten Verzicht von jeglichen Schadstoffen.<\/p>\n<p><strong>Qualit\u00e4tssicherung durch folgende Zertifizierungen<\/strong><\/p>\n<ul>\n<li>Manufaktur:       EO\u03a6:  National Organisation of Medicine Nr. 60733<\/li>\n<li>Herstellung:      GMP Cosmetic (Good Manufacturing Practice)<\/li>\n<li>Produkte: CPNP (Benachrichtigungsportal f\u00fcr kosmetische Produkte).<\/li>\n<li>Wildkr\u00e4uter: Genehmigung des Forstamtes von Naoussa<\/li>\n<li>BIO:                     COSMOS ORGANIC wird angestrebt.<\/li>\n<\/ul>\n<p>In Zusammenarbeit mit erfahrenen Natur\u00e4rzt;innen und Gyn\u00e4kolog;innen aus der Schweiz und einer griechischen Chemikerin als Sicherheitsberaterin.<\/p>","protected":false},"excerpt":{"rendered":"<div class=\"page\" title=\"Page 44\">\n<div class=\"layoutArea\">\n<div class=\"column\">\n<p><strong>ACHALA HAAR PFLEGE GEL<\/strong><\/p>\n<p>Brennessel (Urtica dioica) und Rosmarin (Rosmarinus officinalis) wirken n\u00e4hrend f\u00fcr die Haarwurzeln und die Haarspitzen.<\/p>\n<p>Zypressen\u00f6l wirkt regenerierend.<\/p>\n<p>Das Gel kann auch auf die Kopfhaut einmassiert werden, es beruhigt die Haut und hilft bei Juckreiz.<\/p>\n<\/div>\n<\/div>\n<\/div>\n<p>&nbsp;<\/p>\n<p><strong>KR\u00c4UTERKOSMETIK\u00a0 <\/strong>Die Gesichtshaut ist der Spiegel der Vergangenheit. Eine Pflege der Haut sollte auch eine Pflege des Geistes mit sich bringen. Falten sind ein Zeichen der Weisheit.<\/p>\n<p><strong>Jede Haut ist anders<\/strong> - aus diesem Grunde schreibe ich nur wenig \u00fcber die jeweilige Wirksamkeit, jeder soll sich wohlf\u00fchlen k\u00f6nnen mit seinem Lieblingsduft.<\/p>\n<p>SPARSAM verwenden! ACHALA Gesichtscremes werden immer frisch und in kleinen Mengen produziert, um eine h\u00f6chstm\u00f6gliche Qualit\u00e4tssicherung zu gew\u00e4hrleisten.<\/p>\n<p>&nbsp;<\/p>\n<p><strong>\u00a0<\/strong><\/p>\n<p><em>CPNP\u00a0 3448685<\/em><\/p>\n<p>INCI: Olea europea fruit oil (olive oil), Urtica dioica extract (nettle-macerat), Rosmarinus officinalis extract (rosmary-macerat), Cera alba (beeswax), Vitis vinifera distillate (grape distillat), Arctium lappa extract (burdock-mother tincture), Limonene, Linalool<\/p>","protected":false},"featured_media":1134,"comment_status":"open","ping_status":"closed","template":"","meta":[],"product_brand":[],"product_cat":[84,77],"product_tag":[],"class_list":{"0":"post-204","1":"product","2":"type-product","3":"status-publish","4":"has-post-thumbnail","6":"product_cat-hair-cosmetic","7":"product_cat-natural-cosmetic","8":"product_shipping_class-postversand","10":"first","11":"instock","12":"taxable","13":"shipping-taxable","14":"purchasable","15":"product-type-simple"},"jetpack_sharing_enabled":true,"_links":{"self":[{"href":"https:\/\/www.achala.eu\/de\/wp-json\/wp\/v2\/product\/204","targetHints":{"allow":["GET"]}}],"collection":[{"href":"https:\/\/www.achala.eu\/de\/wp-json\/wp\/v2\/product"}],"about":[{"href":"https:\/\/www.achala.eu\/de\/wp-json\/wp\/v2\/types\/product"}],"replies":[{"embeddable":true,"href":"https:\/\/www.achala.eu\/de\/wp-json\/wp\/v2\/comments?post=204"}],"wp:featuredmedia":[{"embeddable":true,"href":"https:\/\/www.achala.eu\/de\/wp-json\/wp\/v2\/media\/1134"}],"wp:attachment":[{"href":"https:\/\/www.achala.eu\/de\/wp-json\/wp\/v2\/media?parent=204"}],"wp:term":[{"taxonomy":"product_brand","embeddable":true,"href":"https:\/\/www.achala.eu\/de\/wp-json\/wp\/v2\/product_brand?post=204"},{"taxonomy":"product_cat","embeddable":true,"href":"https:\/\/www.achala.eu\/de\/wp-json\/wp\/v2\/product_cat?post=204"},{"taxonomy":"product_tag","embeddable":true,"href":"https:\/\/www.achala.eu\/de\/wp-json\/wp\/v2\/product_tag?post=204"}],"curies":[{"name":"wp","href":"https:\/\/api.w.org\/{rel}","templated":true}]}}