{"id":171,"date":"2020-04-07T07:50:03","date_gmt":"2020-04-07T05:50:03","guid":{"rendered":"https:\/\/achala.eu\/?post_type=product&#038;p=171"},"modified":"2026-04-05T09:46:34","modified_gmt":"2026-04-05T07:46:34","slug":"achala-tagescreme-mit-jasmin-30-ml","status":"publish","type":"product","link":"https:\/\/www.achala.eu\/de\/shop\/achala-tagescreme-mit-jasmin-30-ml\/","title":{"rendered":"ACHALA TAGESCREME mit Jasmin &amp; Patchuli f\u00fcr TROCKENE\/\u00c4LTERE HAUT 30ml"},"content":{"rendered":"<p><strong>Unsere Firma ACHALA lebt f\u00fcr \u00abKosmetik f\u00fcr die Zukunft\u00bb<\/strong><\/p>\n<p>Unser K\u00f6rper kennt die nat\u00fcrlichen Substanzen. Unsere Haut weiss ganz genau ob etwas industriell oder wirklich von Hand hergestellt ist und wenn Pflanzen mit Liebe und Achtsamkeit gegen\u00fcber der Natur gepfl\u00fcckt werden. Deshalb arbeiten wir ausschlie\u00dflich mit PUREN ESSENZEN aus der unber\u00fchrten NATUR.<\/p>\n<p><strong>Unsere Rohstoffe sind:<\/strong><\/p>\n<ul>\n<li>Wildkr\u00e4uter aus dem Vermio-Gebirge, werden von uns achtsam von Hand gepfl\u00fcckt. Wilde Pflanzen besitzen eine hochwertige Heilkraft, da sie sich ihren Standort selber aussuchen und ohne menschliche Einfl\u00fcsse gedeihen.<\/li>\n<li>Oliven\u00f6l, kaltgepresst, biologisch &amp; einheimisch von Panajota, bei der ich in der Olivenernte gearbeitet habe. Oliven\u00f6l erf\u00fcllt alle Anspr\u00fcche an Allergiefreiheit und hilft Hautirritationen und die Aufnahme von Chemie zu vermeiden.<\/li>\n<li>Bienenwachs reinster Qualit\u00e4t vom hiesigen Imker Dimos.<\/li>\n<li>Trauben Destillat vom Bio-Weinbauer Kostis aus Naoussa, der besten Rotweingegend Griechenlands.<\/li>\n<li>\u00c4therische \u00d6le biologisch, mehrheitlich einheimisch, die ich sehr SPARSAM verwende, da mir bewusst ist wie viele Pflanzenteile es davon braucht f\u00fcr 1 Tropfen.<\/li>\n<li>Shea Butter kalt ger\u00fchrt und Lanolin ohne Pestizide f\u00fcr die Tagescreme von Michael aus Deutschland<\/li>\n<\/ul>\n<p><strong>\u00a0<\/strong><\/p>\n<p><strong>ACHALA Kr\u00e4uterkosmetik, Kr\u00e4uter\u00f6le &amp;<\/strong> <strong>Salben\u00a0 <\/strong>wir sammlen von jeder Pflanze nur einzelne Teile, genannt <strong>nachhaltiges<\/strong> Pfl\u00fccken. Das sorgf\u00e4ltige MAZERIEREN (Kr\u00e4uter-Oliven\u00f6lauszug) direkt vor Ort, sowie auch die sanfte Weiterverarbeitung von Hand und der biologischen Inhaltstoffe zeichnen die ACHALA Produkte aus. Sie sind bestens geeignet f\u00fcr Babys, Kleinkinder, Allergiker und Veganer, speziell durch den bewussten Verzicht von jeglichen Schadstoffen. Die D\u00f6schen und Fl\u00e4schchen sind aus <strong>recycelbarem<\/strong> Glas hergestellt.<\/p>\n<p><strong>Qualit\u00e4tssicherung durch folgende Zertifizierungen<\/strong><\/p>\n<ul>\n<li>Manufaktur:       EO\u03a6:  National Organisation of Medicine Nr. 60733<\/li>\n<li>Herstellung:      GMP Cosmetic (Good Manufacturing Practice)<\/li>\n<li>Produkte: CPNP (Benachrichtigungsportal f\u00fcr kosmetische Produkte).<\/li>\n<li>Wildkr\u00e4uter: Genehmigung des Forstamtes von Naoussa<\/li>\n<li>BIO:                     COSMOS ORGANIC wird angestrebt.<\/li>\n<\/ul>\n<p>In Zusammenarbeit mit erfahrenen Natur\u00e4rzt;innen und Gyn\u00e4kolog;innen aus der Schweiz und einer griechischen Chemikerin als Sicherheitsberaterin.<\/p>","protected":false},"excerpt":{"rendered":"<div class=\"page\" title=\"Page 52\">\n<div class=\"layoutArea\">\n<div class=\"column\">\n<p><strong>ACHALA TAGESCREME MIT JASMIN &amp; PATCHULI<\/strong><\/p>\n<\/div>\n<\/div>\n<\/div>\n<p>&nbsp;<\/p>\n<p>Sanft. N\u00e4hrend. Weich. Jasmin, der sich \u00f6ffnet, ganz still und ohne Eile. Gr\u00fcntee, der bewahrt, was gehalten werden m\u00f6chte.<\/p>\n<p>F\u00fcr diese Momente, in denen du sp\u00fcrst, dass deine Haut mehr braucht als Pflege - n\u00e4mlich Zuwendung. Kein Mehr. Kein M\u00fcssen. Nur ein Dasein. Wie ein ruhiger Morgen, an dem alles noch m\u00f6glich ist und nichts von dir verlangt wird.<\/p>\n<p>Sonst nichts.<\/p>\n<p>Diese Creme will nichts ver\u00e4ndern. Sie begleitet.\nSie l\u00e4sst deine Haut sp\u00fcrbar werden - so wie sie ist.<\/p>\n<p>&nbsp;<\/p>\n<p>&nbsp;<\/p>\n<p>Eine echte Handwerkskunst mit nat\u00fcrlichen, hochwertigen Zutaten!<\/p>\n<p><strong>Oliven\u00f6l<\/strong> bringt nicht nur pflegende Fetts\u00e4uren, sondern auch nat\u00fcrliche Antioxidantien mit, die die Haut sch\u00fctzen und n\u00e4hren.<\/p>\n<p><strong>Frischpflanzen-Extrakte<\/strong> Extrakte liefern wertvolle sekund\u00e4re Pflanzenstoffe, Vitamine und Enzyme, die die Haut vitalisieren und unterst\u00fctzen.<\/p>\n<p><strong>Bienenwachs<\/strong> sorgt f\u00fcr die n\u00f6tige Stabilit\u00e4t und bildet einen sch\u00fctzenden Film, der Feuchtigkeit bewahrt.<\/p>\n<p>Und <strong>kalte R\u00fchren von Hand<\/strong> bewahrt die empfindlichen Inhaltsstoffe, die bei Hitze verloren gehen k\u00f6nnten, und hilft dabei, die Wassertr\u00f6pfchen fein in der \u00d6lphase zu verteilen.<\/p>\n<p>So wird eine wirksame, nachhaltige Pflege hergestellt mit einfachen, nat\u00fcrlichen Mitteln und in achtsamer Verarbeitung. Wie ein kleines \u00d6kosystem in dem Cremetiegel, das Haut und Umwelt gleicherma\u00dfen respektiert.<\/p>\n<p>&nbsp;<\/p>\n<p>&nbsp;<\/p>\n<p><em>CPNP\u00a0 2783167<\/em><\/p>\n<p>INCI: Olea europea fruit oil (Oliven\u00f6l), Jasminum officinale extract (Jasmin-Mazerat), \u0391qua, (Wasser), Green Tea extract (Gr\u00fcntee), Cera alba (Bienenwachs), \u0392utyrospermum Parkii (Sheabutter), Lanolin cera (Wollwachs), Vitis vinifera destillate (Traubendestillat), Calendula officinalis extract (Ringelblumen-Urtinktur)<\/p>","protected":false},"featured_media":1097,"comment_status":"open","ping_status":"closed","template":"","meta":[],"product_brand":[],"product_cat":[82,77],"product_tag":[],"class_list":{"0":"post-171","1":"product","2":"type-product","3":"status-publish","4":"has-post-thumbnail","6":"product_cat-day-cream","7":"product_cat-natural-cosmetic","8":"product_shipping_class-postversand","10":"first","11":"instock","12":"taxable","13":"shipping-taxable","14":"purchasable","15":"product-type-simple"},"jetpack_sharing_enabled":true,"_links":{"self":[{"href":"https:\/\/www.achala.eu\/de\/wp-json\/wp\/v2\/product\/171","targetHints":{"allow":["GET"]}}],"collection":[{"href":"https:\/\/www.achala.eu\/de\/wp-json\/wp\/v2\/product"}],"about":[{"href":"https:\/\/www.achala.eu\/de\/wp-json\/wp\/v2\/types\/product"}],"replies":[{"embeddable":true,"href":"https:\/\/www.achala.eu\/de\/wp-json\/wp\/v2\/comments?post=171"}],"wp:featuredmedia":[{"embeddable":true,"href":"https:\/\/www.achala.eu\/de\/wp-json\/wp\/v2\/media\/1097"}],"wp:attachment":[{"href":"https:\/\/www.achala.eu\/de\/wp-json\/wp\/v2\/media?parent=171"}],"wp:term":[{"taxonomy":"product_brand","embeddable":true,"href":"https:\/\/www.achala.eu\/de\/wp-json\/wp\/v2\/product_brand?post=171"},{"taxonomy":"product_cat","embeddable":true,"href":"https:\/\/www.achala.eu\/de\/wp-json\/wp\/v2\/product_cat?post=171"},{"taxonomy":"product_tag","embeddable":true,"href":"https:\/\/www.achala.eu\/de\/wp-json\/wp\/v2\/product_tag?post=171"}],"curies":[{"name":"wp","href":"https:\/\/api.w.org\/{rel}","templated":true}]}}