{"id":22,"date":"2015-06-08T18:14:20","date_gmt":"2015-06-08T18:14:20","guid":{"rendered":"https:\/\/achala.eu\/contact-form\/"},"modified":"2023-04-22T19:16:15","modified_gmt":"2023-04-22T17:16:15","slug":"kontakt","status":"publish","type":"page","link":"https:\/\/www.achala.eu\/de\/kontakt\/","title":{"rendered":"Kontaktieren Sie uns"},"content":{"rendered":"<div class=\"wpb-content-wrapper\"><div class=\"vc_row wpb_row vc_row-fluid\"><div class=\"wpb_column vc_column_container vc_col-sm-6\"><div class=\"vc_column-inner\"><div class=\"wpb_wrapper\">\n\t<div class=\"wpb_text_column wpb_content_element\" >\n\t\t<div class=\"wpb_wrapper\">\n\t\t\t<div class=\"page\" title=\"Page 11\">\n<div class=\"layoutArea\">\n<div class=\"column\">\n<p><strong>ACHALA natural products<\/strong><br \/>\nNaturkosmetik Manufaktur<br \/>\nC-Strasse Alexander Chonou 1<br \/>\nNAOUSSA IMATHIAS - GRIECHENLAND 59200<\/p>\n<p>Telefon +30694 1507725 bitte kontaktieren Sie uns.<\/p>\n<p>Wir werden Ihre Fragen so schnell wie m\u00f6glich beantworten.<\/p>\n<\/div>\n<\/div>\n<\/div>\n\n\t\t<\/div>\n\t<\/div>\n\n\t<div  class=\"wpb_single_image wpb_content_element vc_align_center wpb_content_element\">\n\t\t\n\t\t<figure class=\"wpb_wrapper vc_figure\">\n\t\t\t<div class=\"vc_single_image-wrapper   vc_box_border_grey\"><img loading=\"lazy\" decoding=\"async\" width=\"300\" height=\"210\" src=\"https:\/\/www.achala.eu\/wp-content\/uploads\/2020\/04\/logo-635-444-1-300x210.png\" class=\"vc_single_image-img attachment-medium\" alt=\"achala natural products\" title=\"logo-635-444-1\" srcset=\"https:\/\/www.achala.eu\/wp-content\/uploads\/2020\/04\/logo-635-444-1-300x210.png 300w, https:\/\/www.achala.eu\/wp-content\/uploads\/2020\/04\/logo-635-444-1-600x420.png 600w, https:\/\/www.achala.eu\/wp-content\/uploads\/2020\/04\/logo-635-444-1.png 635w\" sizes=\"auto, (max-width: 300px) 100vw, 300px\" \/><\/div>\n\t\t<\/figure>\n\t<\/div>\n<\/div><\/div><\/div><div class=\"wpb_column vc_column_container vc_col-sm-6\"><div class=\"vc_column-inner\"><div class=\"wpb_wrapper\">\n<div class=\"wpcf7 no-js\" id=\"wpcf7-f7-o1\" lang=\"de-DE\" dir=\"ltr\" data-wpcf7-id=\"7\">\n<div class=\"screen-reader-response\"><p role=\"status\" aria-live=\"polite\" aria-atomic=\"true\"><\/p> <ul><\/ul><\/div>\n<form action=\"\/de\/wp-json\/wp\/v2\/pages\/22#wpcf7-f7-o1\" method=\"post\" class=\"wpcf7-form init\" aria-label=\"Kontaktformular\" novalidate=\"novalidate\" data-status=\"init\" data-trp-original-action=\"\/de\/wp-json\/wp\/v2\/pages\/22#wpcf7-f7-o1\">\n<fieldset class=\"hidden-fields-container\"><input type=\"hidden\" name=\"_wpcf7\" value=\"7\" \/><input type=\"hidden\" name=\"_wpcf7_version\" value=\"6.1.5\" \/><input type=\"hidden\" name=\"_wpcf7_locale\" value=\"de_DE\" \/><input type=\"hidden\" name=\"_wpcf7_unit_tag\" value=\"wpcf7-f7-o1\" \/><input type=\"hidden\" name=\"_wpcf7_container_post\" value=\"0\" \/><input type=\"hidden\" name=\"_wpcf7_posted_data_hash\" value=\"\" \/>\n<\/fieldset>\n<p><label> Ihr Name<br \/>\n<span class=\"wpcf7-form-control-wrap\" data-name=\"your-name\"><input size=\"40\" maxlength=\"400\" class=\"wpcf7-form-control wpcf7-text wpcf7-validates-as-required\" aria-required=\"true\" aria-invalid=\"false\" value=\"\" type=\"text\" name=\"your-name\" \/><\/span> <\/label>\n<\/p>\n<p><label> Ihre E-Mail Adresse<br \/>\n<span class=\"wpcf7-form-control-wrap\" data-name=\"your-email\"><input size=\"40\" maxlength=\"400\" class=\"wpcf7-form-control wpcf7-email wpcf7-validates-as-required wpcf7-text wpcf7-validates-as-email\" aria-required=\"true\" aria-invalid=\"false\" value=\"\" type=\"email\" name=\"your-email\" \/><\/span> <\/label>\n<\/p>\n<p><label> Betreff<br \/>\n<span class=\"wpcf7-form-control-wrap\" data-name=\"your-subject\"><input size=\"40\" maxlength=\"400\" class=\"wpcf7-form-control wpcf7-text\" aria-invalid=\"false\" value=\"\" type=\"text\" name=\"your-subject\" \/><\/span> <\/label>\n<\/p>\n<p><label> Ihre Nachricht<br \/>\n<span class=\"wpcf7-form-control-wrap\" data-name=\"your-message\"><textarea cols=\"40\" rows=\"10\" maxlength=\"2000\" class=\"wpcf7-form-control wpcf7-textarea\" aria-invalid=\"false\" name=\"your-message\"><\/textarea><\/span> <\/label>\n<\/p>\n<p><input class=\"wpcf7-form-control wpcf7-submit has-spinner\" type=\"submit\" value=\"Senden\" \/>\n<\/p><p style=\"display: none !important;\" class=\"akismet-fields-container\" data-prefix=\"_wpcf7_ak_\"><label>&#916;<textarea name=\"_wpcf7_ak_hp_textarea\" cols=\"45\" rows=\"8\" maxlength=\"100\"><\/textarea><\/label><input type=\"hidden\" id=\"ak_js_1\" name=\"_wpcf7_ak_js\" value=\"8\"\/><script>document.getElementById( \"ak_js_1\" ).setAttribute( \"value\", ( new Date() ).getTime() );<\/script><\/p><div class=\"wpcf7-response-output\" aria-hidden=\"true\"><\/div>\n<input type=\"hidden\" name=\"trp-form-language\" value=\"de\"\/><\/form>\n<\/div>\n<\/div><\/div><\/div><\/div><div class=\"vc_row wpb_row vc_row-fluid\"><div class=\"wpb_column vc_column_container vc_col-sm-12\"><div class=\"vc_column-inner\"><div class=\"wpb_wrapper\">\n\t\t<!-- Latest blog posts -->\n\n\t\t<div class=\"container-fluid container-title\">\n\t\t\t<div class=\"container\">\n\n\t\t\t\t<div class=\"title-wrapper\">\n\t\t\t\t\t<a href=\"\"  class=\"title\"><span>HANDMADE IN GREECE NAOUSSA<\/span><\/a>\n\t\t\t\t<\/div>\n\n\t\t\t<\/div>\n\t\t<\/div>\t\t\n\n\t\t\n\t<div  class=\"wpb_single_image wpb_content_element vc_align_left wpb_content_element\">\n\t\t\n\t\t<figure class=\"wpb_wrapper vc_figure\">\n\t\t\t<div class=\"vc_single_image-wrapper   vc_box_border_grey\"><img loading=\"lazy\" decoding=\"async\" width=\"2560\" height=\"1029\" src=\"https:\/\/www.achala.eu\/wp-content\/uploads\/2020\/04\/2018-Bild-Noussa-scaled.jpg\" class=\"vc_single_image-img attachment-full\" alt=\"\" title=\"View of the city of Naoussa\" srcset=\"https:\/\/www.achala.eu\/wp-content\/uploads\/2020\/04\/2018-Bild-Noussa-scaled.jpg 2560w, https:\/\/www.achala.eu\/wp-content\/uploads\/2020\/04\/2018-Bild-Noussa-300x121.jpg 300w, https:\/\/www.achala.eu\/wp-content\/uploads\/2020\/04\/2018-Bild-Noussa-1024x412.jpg 1024w, https:\/\/www.achala.eu\/wp-content\/uploads\/2020\/04\/2018-Bild-Noussa-768x309.jpg 768w, https:\/\/www.achala.eu\/wp-content\/uploads\/2020\/04\/2018-Bild-Noussa-1536x618.jpg 1536w, https:\/\/www.achala.eu\/wp-content\/uploads\/2020\/04\/2018-Bild-Noussa-2048x823.jpg 2048w, https:\/\/www.achala.eu\/wp-content\/uploads\/2020\/04\/2018-Bild-Noussa-600x241.jpg 600w\" sizes=\"auto, (max-width: 2560px) 100vw, 2560px\" \/><\/div>\n\t\t<\/figure>\n\t<\/div>\n\n\t<div class=\"wpb_text_column wpb_content_element\" >\n\t\t<div class=\"wpb_wrapper\">\n\t\t\t<p><strong>Meine Firma ACHALA lebt f\u00fcr \u00abKosmetik f\u00fcr die Zukunft\u00bb<\/strong><\/p>\n<p>Unser K\u00f6rper kennt die nat\u00fcrlichen Substanzen. Unsere Haut weiss ganz genau ob etwas industriell oder wirklich von Hand hergestellt ist und wenn Pflanzen mit Liebe und Achtsamkeit gegen\u00fcber der Natur gepfl\u00fcckt werden. Deshalb arbeiten wir ausschlie\u00dflich mit PUREN ESSENZEN aus der unber\u00fchrten NATUR.<\/p>\n<p><strong>ACHALA Kr\u00e4uterkosmetik, Kr\u00e4uter\u00f6le &amp; Salben\u00a0 <\/strong>Ich sammle von jeder Pflanze nur einzelne Teile, genannt <strong>nachhaltiges<\/strong> Pfl\u00fccken. Das sorgf\u00e4ltige MAZERIEREN (Kr\u00e4uter-Oliven\u00f6lauszug) direkt vor Ort, sowie auch die sanfte Weiterverarbeitung von Hand und der biologischen Inhaltstoffe zeichnen die ACHALA Produkte aus. Sie sind bestens geeignet f\u00fcr Babys, Kleinkinder, Allergiker und Veganer, speziell durch den bewussten Verzicht von jeglichen Schadstoffen.<\/p>\n<p>Die Gl\u00e4ser und Fl\u00e4schchen sind aus <strong>recycelbarem<\/strong> Glas hergestellt.<\/p>\n\n\t\t<\/div>\n\t<\/div>\n<\/div><\/div><\/div><\/div>\n<\/div>","protected":false},"excerpt":{"rendered":"ACHALA natural products Natural Cosmetics Manufacture C-street of Alexandre Chonou 1 NAOUSSA IMATHIAS - GREECE 59200 phone +30694 1507725 Please contact us. We will answer your questions as soon as possible. Your Name (Pflichtfeld) Your E-Mail Adress (Pflichtfeld) Subject Your Message &#916; HANDMADE IN GREECE NAOUSSA My company ACHALA lives...","protected":false},"author":1,"featured_media":0,"parent":0,"menu_order":0,"comment_status":"closed","ping_status":"closed","template":"","meta":{"footnotes":""},"class_list":["post-22","page","type-page","status-publish","hentry"],"jetpack_sharing_enabled":true,"_links":{"self":[{"href":"https:\/\/www.achala.eu\/de\/wp-json\/wp\/v2\/pages\/22","targetHints":{"allow":["GET"]}}],"collection":[{"href":"https:\/\/www.achala.eu\/de\/wp-json\/wp\/v2\/pages"}],"about":[{"href":"https:\/\/www.achala.eu\/de\/wp-json\/wp\/v2\/types\/page"}],"author":[{"embeddable":true,"href":"https:\/\/www.achala.eu\/de\/wp-json\/wp\/v2\/users\/1"}],"replies":[{"embeddable":true,"href":"https:\/\/www.achala.eu\/de\/wp-json\/wp\/v2\/comments?post=22"}],"version-history":[{"count":31,"href":"https:\/\/www.achala.eu\/de\/wp-json\/wp\/v2\/pages\/22\/revisions"}],"predecessor-version":[{"id":987,"href":"https:\/\/www.achala.eu\/de\/wp-json\/wp\/v2\/pages\/22\/revisions\/987"}],"wp:attachment":[{"href":"https:\/\/www.achala.eu\/de\/wp-json\/wp\/v2\/media?parent=22"}],"curies":[{"name":"wp","href":"https:\/\/api.w.org\/{rel}","templated":true}]}}